{"id":28886,"date":"2021-07-30T09:54:43","date_gmt":"2021-07-30T12:54:43","guid":{"rendered":"https:\/\/traveloffice.com.br\/blog\/?page_id=28886"},"modified":"2021-07-30T09:54:43","modified_gmt":"2021-07-30T12:54:43","slug":"politica-cookies","status":"publish","type":"page","link":"https:\/\/traveloffice.com.br\/blog\/politica-cookies\/","title":{"rendered":"Pol\u00edtica de Cookies"},"content":{"rendered":"<div class=\"cli_pg_page_contaner\">\n<h3>Sobre Pol\u00edtica de Cookie<\/h3>\n<div>Esta Pol\u00edtica de Cookies explica o que s\u00e3o cookies e como os usamos, os tipos de cookies que usamos, ou seja, as informa\u00e7\u00f5es que coletamos usando cookies e como essas informa\u00e7\u00f5es s\u00e3o usadas e como controlar as prefer\u00eancias de cookies. Para obter mais informa\u00e7\u00f5es sobre como usamos, armazenamos e mantemos seus dados pessoais seguros, consulte nossa Pol\u00edtica de Privacidade. Voc\u00ea pode, a qualquer momento, alterar ou retirar seu consentimento da Declara\u00e7\u00e3o de Cookie em nosso site Saiba mais sobre quem somos, como voc\u00ea pode nos contatar e como processamos dados pessoais em nossa Pol\u00edtica de Privacidade. Seu consentimento se aplica ao seguinte dom\u00ednio: www.employer.com.br<div class=\"cli_user_consent_state\">Seu estado atual: N\u00e3o foi dado consentimento. <a class=\"cli_manage_current_consent\" style=\"cursor:pointer;text-decoration:underline;\">Gerenciar consentimento.<\/a> <\/div><\/div>\n<h3>O que s\u00e3o cookies?<\/h3>\n<div>Cookies s\u00e3o pequenos arquivos de texto usados para armazenar pequenas informa\u00e7\u00f5es. Eles s\u00e3o armazenados em seu dispositivo quando o site \u00e9 carregado em seu navegador. Esses cookies nos ajudam a fazer o site funcionar corretamente, torn\u00e1-lo mais seguro, fornece uma melhor experi\u00eancia do usu\u00e1rio e entender como o site funciona e analisar o que funciona e onde precisa ser melhorado.<\/div>\n<h3>Como usamos cookies?<\/h3>\n<div>Como a maioria dos servi\u00e7os online, nosso site usa cookies prim\u00e1rios e de terceiros para diversos fins. Os cookies prim\u00e1rios s\u00e3o principalmente necess\u00e1rios para o funcionamento correto do site e n\u00e3o coletam nenhum de seus dados de identifica\u00e7\u00e3o pessoal. Os cookies de terceiros usados em nosso site s\u00e3o principalmente para entender como o site funciona, como voc\u00ea interage com nosso site, mantendo nossos servi\u00e7os seguros, fornecendo an\u00fancios que s\u00e3o relevantes para voc\u00ea e, em suma, proporcionando-lhe um usu\u00e1rio melhor e melhor experi\u00eancia e ajudar a acelerar suas futuras intera\u00e7\u00f5es com nosso site.<\/div>\n<h3>Que tipos de cookies usamos?<\/h3>\n<div>Essencial: Alguns cookies s\u00e3o essenciais para que voc\u00ea possa experimentar todas as funcionalidades do nosso site. Eles nos permitem manter as sess\u00f5es do usu\u00e1rio e prevenir quaisquer amea\u00e7as \u00e0 seguran\u00e7a. Eles n\u00e3o coletam ou armazenam nenhuma informa\u00e7\u00e3o pessoal. Por exemplo, esses cookies permitem que voc\u00ea fa\u00e7a login em sua conta, adicione produtos \u00e0 sua cesta e finalize a compra com seguran\u00e7a.Estat\u00edsticas: Esses cookies armazenam informa\u00e7\u00f5es como o n\u00famero de visitantes do site, o n\u00famero de visitantes \u00fanicos, quais p\u00e1ginas do site foram visitadas, a origem da visita, etc. Esses dados nos ajudam a entender e analisar o desempenho do site e onde precisa de melhorias.Marketing: Nosso site exibe an\u00fancios. Esses cookies s\u00e3o usados \u200b\u200bpara personalizar os an\u00fancios que mostramos a voc\u00ea para que sejam significativos para voc\u00ea. Esses cookies tamb\u00e9m nos ajudam a acompanhar a efici\u00eancia dessas campanhas publicit\u00e1rias.As informa\u00e7\u00f5es armazenadas nesses cookies tamb\u00e9m podem ser usadas por provedores de an\u00fancios de terceiros para exibir an\u00fancios em outros sites no navegador tamb\u00e9m.Funcional: Estes s\u00e3o os cookies que auxiliam certas funcionalidades n\u00e3o essenciais em nosso site. Essas funcionalidades incluem a incorpora\u00e7\u00e3o de conte\u00fado como v\u00eddeos ou o compartilhamento de conte\u00fado do site em plataformas de m\u00eddia social.Prefer\u00eancias: Esses cookies nos ajudam a armazenar suas configura\u00e7\u00f5es e prefer\u00eancias de navega\u00e7\u00e3o, como prefer\u00eancias de idioma, para que voc\u00ea tenha uma experi\u00eancia melhor e eficiente em futuras visitas ao site.<p>The below list details the cookies used in our website.<\/p><table class=\"cookielawinfo-row-cat-table cookielawinfo-classic\"><thead><tr><th class=\"cookielawinfo-column-1\">Cookie<\/th><th class=\"cookielawinfo-column-4\">Descri\u00e7\u00e3o<\/th><\/tr><\/thead><tbody><tr class=\"cookielawinfo-row\"><td class=\"cookielawinfo-column-1\">cookielawinfo-checkbox-analytics<\/td><td class=\"cookielawinfo-column-4\">Este cookie \u00e9 definido pelo plug-in GDPR Cookie Consent. O cookie \u00e9 usado para armazenar o consentimento do usu\u00e1rio para os cookies na categoria \"Analytics\".<\/td><\/tr><tr class=\"cookielawinfo-row\"><td class=\"cookielawinfo-column-1\">cookielawinfo-checkbox-functional<\/td><td class=\"cookielawinfo-column-4\">O cookie \u00e9 definido pelo consentimento do cookie GDPR para registrar o consentimento do usu\u00e1rio para os cookies na categoria \"Funcional\".<\/td><\/tr><tr class=\"cookielawinfo-row\"><td class=\"cookielawinfo-column-1\">cookielawinfo-checkbox-necessary<\/td><td class=\"cookielawinfo-column-4\">Este cookie \u00e9 definido pelo plug-in GDPR Cookie Consent. Os cookies s\u00e3o usados para armazenar o consentimento do usu\u00e1rio para os cookies na categoria \"Necess\u00e1rio\".<\/td><\/tr><tr class=\"cookielawinfo-row\"><td class=\"cookielawinfo-column-1\">cookielawinfo-checkbox-others<\/td><td class=\"cookielawinfo-column-4\">O cookie \u00e9 definido pelo plug-in GDPR Cookie Consent e \u00e9 usado para armazenar se o usu\u00e1rio consentiu ou n\u00e3o com o uso de cookies. <strong>Ele n\u00e3o armazena nenhum dado pessoal.<\/strong><\/td><\/tr><tr class=\"cookielawinfo-row\"><td class=\"cookielawinfo-column-1\">cookielawinfo-checkbox-performance<\/td><td class=\"cookielawinfo-column-4\">Este cookie \u00e9 definido pelo plug-in GDPR Cookie Consent. O cookie \u00e9 usado para armazenar o consentimento do usu\u00e1rio para os cookies na categoria \"Desempenho\".<\/td><\/tr><tr class=\"cookielawinfo-row\"><td class=\"cookielawinfo-column-1\">viewed_cookie_policy<\/td><td class=\"cookielawinfo-column-4\">O cookie \u00e9 definido pelo plug-in GDPR Cookie Consent e \u00e9 usado para armazenar se o usu\u00e1rio consentiu ou n\u00e3o com o uso de cookies. <strong>Ele n\u00e3o armazena nenhum dado pessoal.<\/strong><\/td><\/tr><\/tbody><\/table><\/div>\n<h3>Como posso controlar as prefer\u00eancias de cookies?<\/h3>\n<div>Caso decida alterar suas prefer\u00eancias posteriormente durante a sess\u00e3o de navega\u00e7\u00e3o, voc\u00ea pode clicar na guia \u201cPol\u00edtica de Privacidade e Cookies\u201d em sua tela. Isso exibir\u00e1 o aviso de consentimento novamente, permitindo que voc\u00ea altere suas prefer\u00eancias ou retire totalmente o seu consentimento.Al\u00e9m disso, diferentes navegadores fornecem m\u00e9todos diferentes para bloquear e excluir cookies usados por sites. Voc\u00ea pode alterar as configura\u00e7\u00f5es do seu navegador para bloquear \/ excluir os cookies. Para saber mais sobre como gerenciar e excluir cookies, visite wikipedia.org, www.allaboutcookies.org.<\/div>\n<\/div>\n","protected":false},"excerpt":{"rendered":"<p>Sobre Pol\u00edtica de Cookie Esta Pol\u00edtica de Cookies explica o que s\u00e3o cookies e como os usamos, os tipos de cookies que usamos, ou seja, as informa\u00e7\u00f5es que coletamos usando cookies e como essas informa\u00e7\u00f5es s\u00e3o usadas e como controlar as prefer\u00eancias de cookies. Para obter mais informa\u00e7\u00f5es sobre como usamos, armazenamos e mantemos seus [&hellip;]<\/p>\n","protected":false},"author":37,"featured_media":0,"parent":0,"menu_order":0,"comment_status":"closed","ping_status":"closed","template":"","meta":[],"yoast_head":"<!-- This site is optimized with the Yoast SEO Premium plugin v16.8 (Yoast SEO v18.3) - https:\/\/yoast.com\/wordpress\/plugins\/seo\/ -->\n<title>Pol\u00edtica de Cookies - Blog Employer RH<\/title>\n<meta name=\"robots\" content=\"noindex, follow, max-snippet:-1, max-image-preview:large, max-video-preview:-1\" \/>\n<meta property=\"og:locale\" content=\"pt_BR\" \/>\n<meta property=\"og:type\" content=\"article\" \/>\n<meta property=\"og:title\" content=\"Pol\u00edtica de Cookies\" \/>\n<meta property=\"og:description\" content=\"Sobre Pol\u00edtica de Cookie Esta Pol\u00edtica de Cookies explica o que s\u00e3o cookies e como os usamos, os tipos de cookies que usamos, ou seja, as informa\u00e7\u00f5es que coletamos usando cookies e como essas informa\u00e7\u00f5es s\u00e3o usadas e como controlar as prefer\u00eancias de cookies. Para obter mais informa\u00e7\u00f5es sobre como usamos, armazenamos e mantemos seus [&hellip;]\" \/>\n<meta property=\"og:url\" content=\"https:\/\/traveloffice.com.br\/blog\/politica-cookies\/\" \/>\n<meta property=\"og:site_name\" content=\"Blog Employer RH\" \/>\n<meta property=\"article:publisher\" content=\"https:\/\/www.facebook.com\/Employer.RH\/\" \/>\n<meta name=\"twitter:card\" content=\"summary\" \/>\n<meta name=\"twitter:site\" content=\"@tudodorh\" \/>\n<meta name=\"twitter:label1\" content=\"Est. tempo de leitura\" \/>\n\t<meta name=\"twitter:data1\" content=\"3 minutos\" \/>\n<script type=\"application\/ld+json\" class=\"yoast-schema-graph\">{\"@context\":\"https:\/\/schema.org\",\"@graph\":[{\"@type\":\"Organization\",\"@id\":\"https:\/\/traveloffice.com.br\/blog\/#organization\",\"name\":\"Employer | Tudo do RH\",\"url\":\"https:\/\/traveloffice.com.br\/blog\/\",\"sameAs\":[\"https:\/\/www.facebook.com\/Employer.RH\/\",\"http:\/\/www.instagram.com\/rhemployer\",\"https:\/\/br.linkedin.com\/company\/employer-rh\",\"https:\/\/www.youtube.com\/c\/EmployerTudodoRH\",\"https:\/\/twitter.com\/tudodorh\"],\"logo\":{\"@type\":\"ImageObject\",\"@id\":\"https:\/\/traveloffice.com.br\/blog\/#logo\",\"inLanguage\":\"pt-BR\",\"url\":\"https:\/\/traveloffice.com.br\/blog\/wp-content\/uploads\/2016\/08\/logo_employer_nova_cor-1.png\",\"contentUrl\":\"https:\/\/traveloffice.com.br\/blog\/wp-content\/uploads\/2016\/08\/logo_employer_nova_cor-1.png\",\"width\":426,\"height\":150,\"caption\":\"Employer | Tudo do RH\"},\"image\":{\"@id\":\"https:\/\/traveloffice.com.br\/blog\/#logo\"}},{\"@type\":\"WebSite\",\"@id\":\"https:\/\/traveloffice.com.br\/blog\/#website\",\"url\":\"https:\/\/traveloffice.com.br\/blog\/\",\"name\":\"Blog Employer RH\",\"description\":\"Tudo sobre otimiza\u00e7\u00e3o de rotinas de Departamento Pessoal\",\"publisher\":{\"@id\":\"https:\/\/traveloffice.com.br\/blog\/#organization\"},\"potentialAction\":[{\"@type\":\"SearchAction\",\"target\":{\"@type\":\"EntryPoint\",\"urlTemplate\":\"https:\/\/traveloffice.com.br\/blog\/?s={search_term_string}\"},\"query-input\":\"required name=search_term_string\"}],\"inLanguage\":\"pt-BR\"},{\"@type\":\"WebPage\",\"@id\":\"https:\/\/traveloffice.com.br\/blog\/politica-cookies\/#webpage\",\"url\":\"https:\/\/traveloffice.com.br\/blog\/politica-cookies\/\",\"name\":\"Pol\u00edtica de Cookies - Blog Employer RH\",\"isPartOf\":{\"@id\":\"https:\/\/traveloffice.com.br\/blog\/#website\"},\"datePublished\":\"2021-07-30T12:54:43+00:00\",\"dateModified\":\"2021-07-30T12:54:43+00:00\",\"breadcrumb\":{\"@id\":\"https:\/\/traveloffice.com.br\/blog\/politica-cookies\/#breadcrumb\"},\"inLanguage\":\"pt-BR\",\"potentialAction\":[{\"@type\":\"ReadAction\",\"target\":[\"https:\/\/traveloffice.com.br\/blog\/politica-cookies\/\"]}]},{\"@type\":\"BreadcrumbList\",\"@id\":\"https:\/\/traveloffice.com.br\/blog\/politica-cookies\/#breadcrumb\",\"itemListElement\":[{\"@type\":\"ListItem\",\"position\":1,\"name\":\"In\u00edcio\",\"item\":\"https:\/\/traveloffice.com.br\/blog\/\"},{\"@type\":\"ListItem\",\"position\":2,\"name\":\"Pol\u00edtica de Cookies\"}]}]}<\/script>\n<!-- \/ Yoast SEO Premium plugin. -->","yoast_head_json":{"title":"Pol\u00edtica de Cookies - Blog Employer RH","robots":{"index":"noindex","follow":"follow","max-snippet":"max-snippet:-1","max-image-preview":"max-image-preview:large","max-video-preview":"max-video-preview:-1"},"og_locale":"pt_BR","og_type":"article","og_title":"Pol\u00edtica de Cookies","og_description":"Sobre Pol\u00edtica de Cookie Esta Pol\u00edtica de Cookies explica o que s\u00e3o cookies e como os usamos, os tipos de cookies que usamos, ou seja, as informa\u00e7\u00f5es que coletamos usando cookies e como essas informa\u00e7\u00f5es s\u00e3o usadas e como controlar as prefer\u00eancias de cookies. Para obter mais informa\u00e7\u00f5es sobre como usamos, armazenamos e mantemos seus [&hellip;]","og_url":"https:\/\/traveloffice.com.br\/blog\/politica-cookies\/","og_site_name":"Blog Employer RH","article_publisher":"https:\/\/www.facebook.com\/Employer.RH\/","twitter_card":"summary","twitter_site":"@tudodorh","twitter_misc":{"Est. tempo de leitura":"3 minutos"},"schema":{"@context":"https:\/\/schema.org","@graph":[{"@type":"Organization","@id":"https:\/\/traveloffice.com.br\/blog\/#organization","name":"Employer | Tudo do RH","url":"https:\/\/traveloffice.com.br\/blog\/","sameAs":["https:\/\/www.facebook.com\/Employer.RH\/","http:\/\/www.instagram.com\/rhemployer","https:\/\/br.linkedin.com\/company\/employer-rh","https:\/\/www.youtube.com\/c\/EmployerTudodoRH","https:\/\/twitter.com\/tudodorh"],"logo":{"@type":"ImageObject","@id":"https:\/\/traveloffice.com.br\/blog\/#logo","inLanguage":"pt-BR","url":"https:\/\/traveloffice.com.br\/blog\/wp-content\/uploads\/2016\/08\/logo_employer_nova_cor-1.png","contentUrl":"https:\/\/traveloffice.com.br\/blog\/wp-content\/uploads\/2016\/08\/logo_employer_nova_cor-1.png","width":426,"height":150,"caption":"Employer | Tudo do RH"},"image":{"@id":"https:\/\/traveloffice.com.br\/blog\/#logo"}},{"@type":"WebSite","@id":"https:\/\/traveloffice.com.br\/blog\/#website","url":"https:\/\/traveloffice.com.br\/blog\/","name":"Blog Employer RH","description":"Tudo sobre otimiza\u00e7\u00e3o de rotinas de Departamento Pessoal","publisher":{"@id":"https:\/\/traveloffice.com.br\/blog\/#organization"},"potentialAction":[{"@type":"SearchAction","target":{"@type":"EntryPoint","urlTemplate":"https:\/\/traveloffice.com.br\/blog\/?s={search_term_string}"},"query-input":"required name=search_term_string"}],"inLanguage":"pt-BR"},{"@type":"WebPage","@id":"https:\/\/traveloffice.com.br\/blog\/politica-cookies\/#webpage","url":"https:\/\/traveloffice.com.br\/blog\/politica-cookies\/","name":"Pol\u00edtica de Cookies - Blog Employer RH","isPartOf":{"@id":"https:\/\/traveloffice.com.br\/blog\/#website"},"datePublished":"2021-07-30T12:54:43+00:00","dateModified":"2021-07-30T12:54:43+00:00","breadcrumb":{"@id":"https:\/\/traveloffice.com.br\/blog\/politica-cookies\/#breadcrumb"},"inLanguage":"pt-BR","potentialAction":[{"@type":"ReadAction","target":["https:\/\/traveloffice.com.br\/blog\/politica-cookies\/"]}]},{"@type":"BreadcrumbList","@id":"https:\/\/traveloffice.com.br\/blog\/politica-cookies\/#breadcrumb","itemListElement":[{"@type":"ListItem","position":1,"name":"In\u00edcio","item":"https:\/\/traveloffice.com.br\/blog\/"},{"@type":"ListItem","position":2,"name":"Pol\u00edtica de Cookies"}]}]}},"_links":{"self":[{"href":"https:\/\/traveloffice.com.br\/blog\/wp-json\/wp\/v2\/pages\/28886"}],"collection":[{"href":"https:\/\/traveloffice.com.br\/blog\/wp-json\/wp\/v2\/pages"}],"about":[{"href":"https:\/\/traveloffice.com.br\/blog\/wp-json\/wp\/v2\/types\/page"}],"author":[{"embeddable":true,"href":"https:\/\/traveloffice.com.br\/blog\/wp-json\/wp\/v2\/users\/37"}],"replies":[{"embeddable":true,"href":"https:\/\/traveloffice.com.br\/blog\/wp-json\/wp\/v2\/comments?post=28886"}],"version-history":[{"count":1,"href":"https:\/\/traveloffice.com.br\/blog\/wp-json\/wp\/v2\/pages\/28886\/revisions"}],"predecessor-version":[{"id":28887,"href":"https:\/\/traveloffice.com.br\/blog\/wp-json\/wp\/v2\/pages\/28886\/revisions\/28887"}],"wp:attachment":[{"href":"https:\/\/traveloffice.com.br\/blog\/wp-json\/wp\/v2\/media?parent=28886"}],"curies":[{"name":"wp","href":"https:\/\/api.w.org\/{rel}","templated":true}]}}